{"id":969,"date":"2022-07-26T14:38:19","date_gmt":"2022-07-26T14:38:19","guid":{"rendered":"https:\/\/luishoffmann.com.br\/brasilemcancun\/?post_type=product&#038;p=969"},"modified":"2022-10-01T22:45:03","modified_gmt":"2022-10-01T22:45:03","slug":"coco-bongo","status":"publish","type":"product","link":"https:\/\/luishoffmann.com.br\/brasilemcancun\/produto\/coco-bongo\/","title":{"rendered":"Coco-Bongo"},"content":{"rendered":"<p>Sabe a balada mais famosa do Caribe? Pois \u00e9, essa \u00e9 a cocobongo, uma casa noturna que proporciona diversas atra\u00e7\u00f5es que s\u00e3o um verdadeiro espet\u00e1culo, show e teatro. Atualmente existem ingressos com 5 ou 15 bebidas + entrada na pool party + snack cortesia!<\/p>\n<p>A cidade de Canc\u00fan possui diversas op\u00e7\u00f5es noturnas desde barzinho at\u00e9 karaok\u00eas. A maioria das baladas tem festas tem\u00e1ticas e Dj\u00b4s renomados tocam por l\u00e1 tamb\u00e9m.<\/p>\n<div id=\"comp-kk8ww4df\" class=\"_1Q9if _3bcaz\" data-testid=\"richTextElement\">\n<p class=\"font_8\">As baladas ficam dispostas na famosa Boulevard Kukulkan no quarteir\u00e3o mais agitado da regi\u00e3o e a grande maioria \u00e9 open bar.<\/p>\n<\/div>\n<div id=\"comp-kk8wwaet\" class=\"_1Q9if _3bcaz\" data-testid=\"richTextElement\">\n<p class=\"font_8\">Durante o Spring Break, que s\u00e3o os meses de fevereiro e mar\u00e7o o calend\u00e1rio \u00e9 alterado assim como os valores, portanto Fique ligado!<\/p>\n<\/div>\n<p>&nbsp;<\/p>\n","protected":false},"excerpt":{"rendered":"<p>Sabe a balada mais famosa do Caribe? Pois \u00e9, essa \u00e9 a cocobongo, uma casa noturna que proporciona diversas atra\u00e7\u00f5es que s\u00e3o um verdadeiro espet\u00e1culo, show e teatro. Atualmente existem ingressos com 5 ou 15 bebidas + entrada na pool party + snack cortesia!<\/p>\n","protected":false},"featured_media":266,"comment_status":"closed","ping_status":"closed","template":"","meta":{"om_disable_all_campaigns":false,"_mi_skip_tracking":false},"product_cat":[36,24],"product_tag":[],"aioseo_notices":[],"_links":{"self":[{"href":"https:\/\/luishoffmann.com.br\/brasilemcancun\/wp-json\/wp\/v2\/product\/969"}],"collection":[{"href":"https:\/\/luishoffmann.com.br\/brasilemcancun\/wp-json\/wp\/v2\/product"}],"about":[{"href":"https:\/\/luishoffmann.com.br\/brasilemcancun\/wp-json\/wp\/v2\/types\/product"}],"replies":[{"embeddable":true,"href":"https:\/\/luishoffmann.com.br\/brasilemcancun\/wp-json\/wp\/v2\/comments?post=969"}],"wp:featuredmedia":[{"embeddable":true,"href":"https:\/\/luishoffmann.com.br\/brasilemcancun\/wp-json\/wp\/v2\/media\/266"}],"wp:attachment":[{"href":"https:\/\/luishoffmann.com.br\/brasilemcancun\/wp-json\/wp\/v2\/media?parent=969"}],"wp:term":[{"taxonomy":"product_cat","embeddable":true,"href":"https:\/\/luishoffmann.com.br\/brasilemcancun\/wp-json\/wp\/v2\/product_cat?post=969"},{"taxonomy":"product_tag","embeddable":true,"href":"https:\/\/luishoffmann.com.br\/brasilemcancun\/wp-json\/wp\/v2\/product_tag?post=969"}],"curies":[{"name":"wp","href":"https:\/\/api.w.org\/{rel}","templated":true}]}}