{"id":963,"date":"2022-09-12T14:35:17","date_gmt":"2022-09-12T14:35:17","guid":{"rendered":"https:\/\/luishoffmann.com.br\/brasilemcancun\/?post_type=product&#038;p=963"},"modified":"2022-12-01T16:00:47","modified_gmt":"2022-12-01T16:00:47","slug":"lancha-transparente","status":"publish","type":"product","link":"https:\/\/luishoffmann.com.br\/brasilemcancun\/produto\/lancha-transparente\/","title":{"rendered":"Lancha Transparente"},"content":{"rendered":"<p>Esse passeio voc\u00ea fica a bordo de uma lancha transparente saindo da famosa La Laguna Nichupte, onde ir\u00e1 observar os famosos manguezais e crocodilos e ir\u00e1 explorar o arrecife Meco (sem snorkel). Este Passeio \u00e9 realizado na parte da manh\u00e3 nas quartas e domingo.<\/p>\n<p>PACOTES A PARTIR DE 60USD \u00a0(Os valores podem alterar conforme a temporada.)<\/p>\n","protected":false},"excerpt":{"rendered":"<p>Esse passeio voc\u00ea fica a bordo de uma lancha transparente saindo da famosa La Laguna Nichupte, onde ir\u00e1 observar os famosos manguezais e crocodilos e ir\u00e1 explorar o arrecife Meco (sem snorkel). Este Passeio \u00e9 realizado na parte da manh\u00e3 nas quartas e domingo.<\/p>\n<p>PACOTES A PARTIR DE 60USD \u00a0(Os valores podem alterar conforme a temporada.)<\/p>\n","protected":false},"featured_media":967,"comment_status":"closed","ping_status":"closed","template":"","meta":{"om_disable_all_campaigns":false,"_mi_skip_tracking":false},"product_cat":[33],"product_tag":[],"aioseo_notices":[],"_links":{"self":[{"href":"https:\/\/luishoffmann.com.br\/brasilemcancun\/wp-json\/wp\/v2\/product\/963"}],"collection":[{"href":"https:\/\/luishoffmann.com.br\/brasilemcancun\/wp-json\/wp\/v2\/product"}],"about":[{"href":"https:\/\/luishoffmann.com.br\/brasilemcancun\/wp-json\/wp\/v2\/types\/product"}],"replies":[{"embeddable":true,"href":"https:\/\/luishoffmann.com.br\/brasilemcancun\/wp-json\/wp\/v2\/comments?post=963"}],"wp:featuredmedia":[{"embeddable":true,"href":"https:\/\/luishoffmann.com.br\/brasilemcancun\/wp-json\/wp\/v2\/media\/967"}],"wp:attachment":[{"href":"https:\/\/luishoffmann.com.br\/brasilemcancun\/wp-json\/wp\/v2\/media?parent=963"}],"wp:term":[{"taxonomy":"product_cat","embeddable":true,"href":"https:\/\/luishoffmann.com.br\/brasilemcancun\/wp-json\/wp\/v2\/product_cat?post=963"},{"taxonomy":"product_tag","embeddable":true,"href":"https:\/\/luishoffmann.com.br\/brasilemcancun\/wp-json\/wp\/v2\/product_tag?post=963"}],"curies":[{"name":"wp","href":"https:\/\/api.w.org\/{rel}","templated":true}]}}