{"id":92,"date":"2022-07-20T09:29:39","date_gmt":"2022-07-20T09:29:39","guid":{"rendered":"https:\/\/themes.muffingroup.com\/be\/store2_el\/?post_type=product&#038;p=92"},"modified":"2022-12-01T19:27:08","modified_gmt":"2022-12-01T19:27:08","slug":"xcaret-plus","status":"publish","type":"product","link":"https:\/\/luishoffmann.com.br\/brasilemcancun\/produto\/xcaret-plus\/","title":{"rendered":"Xcaret Plus"},"content":{"rendered":"<div class=\"page\" title=\"Page 5\">\n<div class=\"section\">\n<div class=\"layoutArea\">\n<div class=\"column\">\n<p><span style=\"font-size: 11.5pt; font-family: 'Lato',sans-serif; color: #333333;\">O parque Xcaret \u00e9 pura divers\u00e3o, natureza e cultura para toda a fam\u00edlia. Xcaret \u00e9 um parque natural com mais de 50 atra\u00e7\u00f5es para todas as idades, com rios subterr\u00e2neos, trilhas no meio da selva e um aqu\u00e1rio de recifes de corais.<\/span><span style=\"color: #333333; font-family: Lato, sans-serif; font-size: 11.5pt;\">\u00a0<\/span><\/p>\n<p style=\"vertical-align: baseline; margin: 0cm 0cm 11.25pt 0cm;\"><span style=\"font-size: 10.5pt; font-family: Roboto; color: #3a3a3a;\">PACOTES A\u0300 PARTIR DE 175,99 USD. (VALORES SUJEITOS A\u0300 ALTERAC<\/span><span style=\"font-size: 10.5pt; color: #3a3a3a;\">\u0327<\/span><span style=\"font-size: 10.5pt; font-family: Roboto; color: #3a3a3a;\">A\u0303O DE ACORDO COM A TEMPORADA E PACOTE)<\/span><\/p>\n<p style=\"vertical-align: baseline; margin: 0cm 0cm 11.25pt 0cm;\"><span style=\"font-size: 10.5pt; font-family: Roboto; color: #3a3a3a;\">Alta temporada: Abril \u2013 semana santa, de 01\/07 a\u0300 15\/08 e 25\/12 a\u0300 31\/12.<\/span><\/p>\n<\/div>\n<\/div>\n<\/div>\n<\/div>\n","protected":false},"excerpt":{"rendered":"<p><span style=\"font-size: 11.5pt; font-family: 'Lato',sans-serif; color: #333333;\">O parque Xcaret \u00e9 pura divers\u00e3o, natureza e cultura para toda a fam\u00edlia. Xcaret \u00e9 um parque natural com mais de 50 atra\u00e7\u00f5es para todas as idades, com rios subterr\u00e2neos, trilhas no meio da selva e um aqu\u00e1rio de recifes de corais.<\/span><span style=\"color: #333333; font-family: Lato, sans-serif; font-size: 11.5pt;\">\u00a0<\/span><\/p>\n<p style=\"vertical-align: baseline; margin: 0cm 0cm 11.25pt 0cm;\"><span style=\"font-size: 10.5pt; font-family: Roboto; color: #3a3a3a;\">PACOTES A\u0300 PARTIR DE 175,99 USD. (VALORES SUJEITOS A\u0300 ALTERAC<\/span><span style=\"font-size: 10.5pt; color: #3a3a3a;\">\u0327<\/span><span style=\"font-size: 10.5pt; font-family: Roboto; color: #3a3a3a;\">A\u0303O DE ACORDO COM A TEMPORADA E PACOTE)<\/span><\/p>\n<p style=\"vertical-align: baseline; margin: 0cm 0cm 11.25pt 0cm;\"><span style=\"font-size: 10.5pt; font-family: Roboto; color: #3a3a3a;\">Alta temporada: Abril \u2013 semana santa, de 01\/07 a\u0300 15\/08 e 25\/12 a\u0300 31\/12.<\/span><\/p>\n","protected":false},"featured_media":1077,"comment_status":"closed","ping_status":"closed","template":"","meta":{"om_disable_all_campaigns":false,"_mi_skip_tracking":false},"product_cat":[30],"product_tag":[],"aioseo_notices":[],"_links":{"self":[{"href":"https:\/\/luishoffmann.com.br\/brasilemcancun\/wp-json\/wp\/v2\/product\/92"}],"collection":[{"href":"https:\/\/luishoffmann.com.br\/brasilemcancun\/wp-json\/wp\/v2\/product"}],"about":[{"href":"https:\/\/luishoffmann.com.br\/brasilemcancun\/wp-json\/wp\/v2\/types\/product"}],"replies":[{"embeddable":true,"href":"https:\/\/luishoffmann.com.br\/brasilemcancun\/wp-json\/wp\/v2\/comments?post=92"}],"wp:featuredmedia":[{"embeddable":true,"href":"https:\/\/luishoffmann.com.br\/brasilemcancun\/wp-json\/wp\/v2\/media\/1077"}],"wp:attachment":[{"href":"https:\/\/luishoffmann.com.br\/brasilemcancun\/wp-json\/wp\/v2\/media?parent=92"}],"wp:term":[{"taxonomy":"product_cat","embeddable":true,"href":"https:\/\/luishoffmann.com.br\/brasilemcancun\/wp-json\/wp\/v2\/product_cat?post=92"},{"taxonomy":"product_tag","embeddable":true,"href":"https:\/\/luishoffmann.com.br\/brasilemcancun\/wp-json\/wp\/v2\/product_tag?post=92"}],"curies":[{"name":"wp","href":"https:\/\/api.w.org\/{rel}","templated":true}]}}