{"id":875,"date":"2022-09-01T14:15:20","date_gmt":"2022-09-01T14:15:20","guid":{"rendered":"https:\/\/luishoffmann.com.br\/brasilemcancun\/?post_type=product&#038;p=875"},"modified":"2022-10-01T23:35:16","modified_gmt":"2022-10-01T23:35:16","slug":"transfers","status":"publish","type":"product","link":"https:\/\/luishoffmann.com.br\/brasilemcancun\/produto\/transfers\/","title":{"rendered":"Transfers"},"content":{"rendered":"<p>N\u00f3s trabalhamos com op\u00e7\u00f5es de transfer privativos entre hotel e aeroporto, al\u00e9m de op\u00e7\u00f5es entre hot\u00e9is.<br \/>\nPARA HOT\u00c9IS NA ZONA HOTELEIRA E CENTRO EM CANC\u00daN VALORES \u00c0 PARTIR DE 70USD A VAN para at\u00e9 6 pessoas<\/p>\n<p>E PARA HOTEIS EM PLAYA DEL CARMEN \u00c0 PARTIR DE 130USD A VAN para at\u00e9 6 pessoas<\/p>\n<p>TODOS OS VALORES PODEM SOFRER ALTERA\u00c7\u00d5ES devido ao hor\u00e1rio do v\u00f4o e localiza\u00e7\u00e3o do hotel.<\/p>\n","protected":false},"excerpt":{"rendered":"<p>TEMOS TAMB\u00c9M OP\u00c7\u00d5ES DE TRANSFERS:<br \/>\nPARA HOT\u00c9IS NA ZONA HOTELEIRA E CENTRO EM CANC\u00daN VALORES \u00c0 PARTIR DE 60USD E PARA HOTEIS EM PLAYA DEL CARMEN \u00c0 PARTIR DE 120USD.<br \/>\nTODOS OS VALORES PODEM SOFRER ALTERA\u00c7\u00d5ES<\/p>\n","protected":false},"featured_media":876,"comment_status":"closed","ping_status":"closed","template":"","meta":{"om_disable_all_campaigns":false,"_mi_skip_tracking":false},"product_cat":[35],"product_tag":[],"aioseo_notices":[],"_links":{"self":[{"href":"https:\/\/luishoffmann.com.br\/brasilemcancun\/wp-json\/wp\/v2\/product\/875"}],"collection":[{"href":"https:\/\/luishoffmann.com.br\/brasilemcancun\/wp-json\/wp\/v2\/product"}],"about":[{"href":"https:\/\/luishoffmann.com.br\/brasilemcancun\/wp-json\/wp\/v2\/types\/product"}],"replies":[{"embeddable":true,"href":"https:\/\/luishoffmann.com.br\/brasilemcancun\/wp-json\/wp\/v2\/comments?post=875"}],"wp:featuredmedia":[{"embeddable":true,"href":"https:\/\/luishoffmann.com.br\/brasilemcancun\/wp-json\/wp\/v2\/media\/876"}],"wp:attachment":[{"href":"https:\/\/luishoffmann.com.br\/brasilemcancun\/wp-json\/wp\/v2\/media?parent=875"}],"wp:term":[{"taxonomy":"product_cat","embeddable":true,"href":"https:\/\/luishoffmann.com.br\/brasilemcancun\/wp-json\/wp\/v2\/product_cat?post=875"},{"taxonomy":"product_tag","embeddable":true,"href":"https:\/\/luishoffmann.com.br\/brasilemcancun\/wp-json\/wp\/v2\/product_tag?post=875"}],"curies":[{"name":"wp","href":"https:\/\/api.w.org\/{rel}","templated":true}]}}