{"id":868,"date":"2022-08-31T18:14:46","date_gmt":"2022-08-31T18:14:46","guid":{"rendered":"https:\/\/luishoffmann.com.br\/brasilemcancun\/?post_type=product&#038;p=868"},"modified":"2022-10-01T22:10:09","modified_gmt":"2022-10-01T22:10:09","slug":"las-coloradas","status":"publish","type":"product","link":"https:\/\/luishoffmann.com.br\/brasilemcancun\/produto\/las-coloradas\/","title":{"rendered":"Las Coloradas"},"content":{"rendered":"<p>\u00c9 um porto muito acolhedor com uma popula\u00e7\u00e3o pequena que se dedica a \u00e0 ind\u00fastria do sal e \u00e0 pesca. \u00c9 um lugar perfeito para conhecer e garantir fotos na lagoa rosa que possui essa cor devido \u00e0 alta concentra\u00e7\u00e3o de microrganismos e do sal ali presente. Neste passeio voc\u00ea conhece a biosfera de Rio Lagartos com diversos p\u00e1ssaros e os lindos flamingos. E aproveite o banho esfoliante nas areias.<\/p>\n<p>PACOTES \u00c0 PARTIR DE 115,99 USD (Os valores podem alterar conforme a temporada.)<\/p>\n<p style=\"vertical-align: baseline; margin: 0cm 0cm 11.25pt 0cm;\">\n","protected":false},"excerpt":{"rendered":"<p>\u00c9 um porto muito acolhedor com uma popula\u00e7\u00e3o pequena que se dedica a \u00e0 ind\u00fastria do sal e \u00e0 pesca. \u00c9 um lugar perfeito para conhecer e garantir fotos na lagoa rosa que possui essa cor devido \u00e0 alta concentra\u00e7\u00e3o de microrganismos e do sal ali presente. Neste passeio voc\u00ea conhece a biosfera de Rio Lagartos com diversos p\u00e1ssaros e os lindos flamingos. E aproveite o banho esfoliante nas areias.<\/p>\n<p>PACOTES \u00c0 PARTIR DE 115,99 USD (Os valores podem alterar conforme a temporada.)<\/p>\n","protected":false},"featured_media":869,"comment_status":"closed","ping_status":"closed","template":"","meta":{"om_disable_all_campaigns":false,"_mi_skip_tracking":false},"product_cat":[34,36],"product_tag":[],"aioseo_notices":[],"_links":{"self":[{"href":"https:\/\/luishoffmann.com.br\/brasilemcancun\/wp-json\/wp\/v2\/product\/868"}],"collection":[{"href":"https:\/\/luishoffmann.com.br\/brasilemcancun\/wp-json\/wp\/v2\/product"}],"about":[{"href":"https:\/\/luishoffmann.com.br\/brasilemcancun\/wp-json\/wp\/v2\/types\/product"}],"replies":[{"embeddable":true,"href":"https:\/\/luishoffmann.com.br\/brasilemcancun\/wp-json\/wp\/v2\/comments?post=868"}],"wp:featuredmedia":[{"embeddable":true,"href":"https:\/\/luishoffmann.com.br\/brasilemcancun\/wp-json\/wp\/v2\/media\/869"}],"wp:attachment":[{"href":"https:\/\/luishoffmann.com.br\/brasilemcancun\/wp-json\/wp\/v2\/media?parent=868"}],"wp:term":[{"taxonomy":"product_cat","embeddable":true,"href":"https:\/\/luishoffmann.com.br\/brasilemcancun\/wp-json\/wp\/v2\/product_cat?post=868"},{"taxonomy":"product_tag","embeddable":true,"href":"https:\/\/luishoffmann.com.br\/brasilemcancun\/wp-json\/wp\/v2\/product_tag?post=868"}],"curies":[{"name":"wp","href":"https:\/\/api.w.org\/{rel}","templated":true}]}}