{"id":863,"date":"2022-08-31T18:03:27","date_gmt":"2022-08-31T18:03:27","guid":{"rendered":"https:\/\/luishoffmann.com.br\/brasilemcancun\/?post_type=product&#038;p=863"},"modified":"2022-09-29T17:59:42","modified_gmt":"2022-09-29T17:59:42","slug":"bacalar-plus","status":"publish","type":"product","link":"https:\/\/luishoffmann.com.br\/brasilemcancun\/produto\/bacalar-plus\/","title":{"rendered":"Bacalar Plus"},"content":{"rendered":"<p style=\"vertical-align: baseline; margin: 0cm 0cm 11.25pt 0cm;\"><span style=\"font-size: 10.0pt; font-family: 'Arial',sans-serif; color: #333333; background: white;\">Conhecida como a lagoa de 7 cores, esse local \u00e9 dono de uma beleza \u00fanica, uma lagoa com 7 tons entre azul e verde rodeada por manguezais e cenotes.<span class=\"apple-converted-space\">\u00a0<\/span><\/span><span style=\"font-size: 10.0pt; font-family: 'Arial',sans-serif; color: #3a3a3a;\">Durante esse passeio, voc\u00ea conhece o Cenote Azul, um canal com 200 metros de profundidade. Outra parada \u00e9 no Canal dos Piratas que liga o Mar do Caribe, o Rio Hondo e a Laguna Bacalar. Essa jun\u00e7\u00e3o de \u00e1guas gera uma tonalidade impressionante, deixando muita gente sem palavras! E tem um spa natural para esfolia\u00e7\u00e3o. Bem em frente ao canal, voc\u00ea observa o Forte de Bacalar, um museu dos piratas.<\/span><\/p>\n<p style=\"vertical-align: baseline; margin: 0cm 0cm 11.25pt 0cm;\"><span style=\"font-size: 10.0pt; font-family: 'Arial',sans-serif; color: #3a3a3a;\">PACOTES \u00c0 PARTIR DE 115,99 USD (Os valores podem alterar conforme a temporada.)<\/span><\/p>\n","protected":false},"excerpt":{"rendered":"<p style=\"vertical-align: baseline; margin: 0cm 0cm 11.25pt 0cm;\"><span style=\"font-size: 10.0pt; font-family: 'Arial',sans-serif; color: #333333; background: white;\">Conhecida como a lagoa de 7 cores, esse local \u00e9 dono de uma beleza \u00fanica, uma lagoa com 7 tons entre azul e verde rodeada por manguezais e cenotes.<span class=\"apple-converted-space\">\u00a0<\/span><\/span><span style=\"font-size: 10.0pt; font-family: 'Arial',sans-serif; color: #3a3a3a;\">Durante esse passeio, voc\u00ea conhece o Cenote Azul, um canal com 200 metros de profundidade. Outra parada \u00e9 no Canal dos Piratas que liga o Mar do Caribe, o Rio Hondo e a Laguna Bacalar. Essa jun\u00e7\u00e3o de \u00e1guas gera uma tonalidade impressionante, deixando muita gente sem palavras! E tem um spa natural para esfolia\u00e7\u00e3o. Bem em frente ao canal, voc\u00ea observa o Forte de Bacalar, um museu dos piratas.<\/span><\/p>\n<p style=\"vertical-align: baseline; margin: 0cm 0cm 11.25pt 0cm;\"><span style=\"font-size: 10.0pt; font-family: 'Arial',sans-serif; color: #3a3a3a;\">PACOTES \u00c0 PARTIR DE 115,99 USD (Os valores podem alterar conforme a temporada.)<\/span><\/p>\n","protected":false},"featured_media":864,"comment_status":"closed","ping_status":"closed","template":"","meta":{"om_disable_all_campaigns":false,"_mi_skip_tracking":false},"product_cat":[34],"product_tag":[],"aioseo_notices":[],"_links":{"self":[{"href":"https:\/\/luishoffmann.com.br\/brasilemcancun\/wp-json\/wp\/v2\/product\/863"}],"collection":[{"href":"https:\/\/luishoffmann.com.br\/brasilemcancun\/wp-json\/wp\/v2\/product"}],"about":[{"href":"https:\/\/luishoffmann.com.br\/brasilemcancun\/wp-json\/wp\/v2\/types\/product"}],"replies":[{"embeddable":true,"href":"https:\/\/luishoffmann.com.br\/brasilemcancun\/wp-json\/wp\/v2\/comments?post=863"}],"wp:featuredmedia":[{"embeddable":true,"href":"https:\/\/luishoffmann.com.br\/brasilemcancun\/wp-json\/wp\/v2\/media\/864"}],"wp:attachment":[{"href":"https:\/\/luishoffmann.com.br\/brasilemcancun\/wp-json\/wp\/v2\/media?parent=863"}],"wp:term":[{"taxonomy":"product_cat","embeddable":true,"href":"https:\/\/luishoffmann.com.br\/brasilemcancun\/wp-json\/wp\/v2\/product_cat?post=863"},{"taxonomy":"product_tag","embeddable":true,"href":"https:\/\/luishoffmann.com.br\/brasilemcancun\/wp-json\/wp\/v2\/product_tag?post=863"}],"curies":[{"name":"wp","href":"https:\/\/api.w.org\/{rel}","templated":true}]}}