{"id":858,"date":"2022-08-31T17:35:46","date_gmt":"2022-08-31T17:35:46","guid":{"rendered":"https:\/\/luishoffmann.com.br\/brasilemcancun\/?post_type=product&#038;p=858"},"modified":"2022-10-02T00:26:39","modified_gmt":"2022-10-02T00:26:39","slug":"holbox","status":"publish","type":"product","link":"https:\/\/luishoffmann.com.br\/brasilemcancun\/produto\/holbox\/","title":{"rendered":"Holbox"},"content":{"rendered":"<p>Distante cerca de duas horas e meia de Canc\u00fan, Holbox \u00e9 uma ilha que tem 40km de extens\u00e3o, formada por uma grande avenida principal de frente para a praia. O passeio percorre as tr\u00eas ilhas vizinhas de barco: a Bird Island, que abriga mais de 140 esp\u00e9cies de aves. A segunda \u00e9 a Passion Island, com uma mini praia linda, um observat\u00f3rio e muitos flamingos por perto. A \u00faltima \u00e9 a Yalahau, onde tem um pequeno Cenote.<\/p>\n<p>PACOTES \u00c0 PARTIR DE 115,99 USD (Os valores podem alterar conforme a temporada.)<\/p>\n","protected":false},"excerpt":{"rendered":"<p>Distante cerca de duas horas e meia de Canc\u00fan, Holbox \u00e9 uma ilha que tem 40km de extens\u00e3o, formada por uma grande avenida principal de frente para a praia. O passeio percorre as tr\u00eas ilhas vizinhas de barco: a Bird Island, que abriga mais de 140 esp\u00e9cies de aves. A segunda \u00e9 a Passion Island, com uma mini praia linda, um observat\u00f3rio e muitos flamingos por perto. A \u00faltima \u00e9 a Yalahau, onde tem um pequeno Cenote.<\/p>\n<p>PACOTES \u00c0 PARTIR DE 115,99 USD (Os valores podem alterar conforme a temporada.)<\/p>\n","protected":false},"featured_media":859,"comment_status":"closed","ping_status":"closed","template":"","meta":{"om_disable_all_campaigns":false,"_mi_skip_tracking":false},"product_cat":[34],"product_tag":[],"aioseo_notices":[],"_links":{"self":[{"href":"https:\/\/luishoffmann.com.br\/brasilemcancun\/wp-json\/wp\/v2\/product\/858"}],"collection":[{"href":"https:\/\/luishoffmann.com.br\/brasilemcancun\/wp-json\/wp\/v2\/product"}],"about":[{"href":"https:\/\/luishoffmann.com.br\/brasilemcancun\/wp-json\/wp\/v2\/types\/product"}],"replies":[{"embeddable":true,"href":"https:\/\/luishoffmann.com.br\/brasilemcancun\/wp-json\/wp\/v2\/comments?post=858"}],"wp:featuredmedia":[{"embeddable":true,"href":"https:\/\/luishoffmann.com.br\/brasilemcancun\/wp-json\/wp\/v2\/media\/859"}],"wp:attachment":[{"href":"https:\/\/luishoffmann.com.br\/brasilemcancun\/wp-json\/wp\/v2\/media?parent=858"}],"wp:term":[{"taxonomy":"product_cat","embeddable":true,"href":"https:\/\/luishoffmann.com.br\/brasilemcancun\/wp-json\/wp\/v2\/product_cat?post=858"},{"taxonomy":"product_tag","embeddable":true,"href":"https:\/\/luishoffmann.com.br\/brasilemcancun\/wp-json\/wp\/v2\/product_tag?post=858"}],"curies":[{"name":"wp","href":"https:\/\/api.w.org\/{rel}","templated":true}]}}