{"id":854,"date":"2022-08-31T17:25:12","date_gmt":"2022-08-31T17:25:12","guid":{"rendered":"https:\/\/luishoffmann.com.br\/brasilemcancun\/?post_type=product&#038;p=854"},"modified":"2022-09-29T18:26:38","modified_gmt":"2022-09-29T18:26:38","slug":"cozumel-parque-chankanaab","status":"publish","type":"product","link":"https:\/\/luishoffmann.com.br\/brasilemcancun\/produto\/cozumel-parque-chankanaab\/","title":{"rendered":"Cozumel, Parque Chankanaab"},"content":{"rendered":"<p>O clube de praia chankanaab \u00e9 uma \u00f3tima op\u00e7\u00e3o para fam\u00edlia toda porque oferece diversos tipos de atividades: \u00e1rea de descanso, pontos para mergulho (snorkel e cilindro), espet\u00e1culo de lobos marinho, crocodilos em seu habitat natural, degusta\u00e7\u00e3o de tequila, al\u00e9m de um passeio explorando a ilha de cozumel com jeep, visitando as praias virgens de Cozumel com uma parada no Mirador e conhece o hist\u00f3rico \u201cFaro Celar\u00edan\u201d que se encontra no parque Nacional de Punta Sur.<\/p>\n<p>PACOTES \u00c0 PARTIR DE 105,99 USD (Os valores podem alterar conforme a temporada.)<\/p>\n","protected":false},"excerpt":{"rendered":"<p>O clube de praia chankanaab \u00e9 uma \u00f3tima op\u00e7\u00e3o para fam\u00edlia toda porque oferece diversos tipos de atividades: \u00e1rea de descanso, pontos para mergulho(snorkel e cilindro), espet\u00e1culo de lobos marinho, crocodilos em seu habitat natural, degusta\u00e7\u00e3o de tequila, al\u00e9m de um passeio explorando a ilha de cozumel com jeep, visitando as praias virgens de Cozumel com uma parada no Mirador e conhece o hist\u00f3rico \u201cFaro Celar\u00edan\u201d que se encontra no parque Nacional de Punta Sur.<\/p>\n<p>PACOTES \u00c0 PARTIR DE 105,99 USD (Os valores podem alterar conforme a temporada.)<\/p>\n","protected":false},"featured_media":855,"comment_status":"closed","ping_status":"closed","template":"","meta":{"om_disable_all_campaigns":false,"_mi_skip_tracking":false},"product_cat":[34],"product_tag":[],"aioseo_notices":[],"_links":{"self":[{"href":"https:\/\/luishoffmann.com.br\/brasilemcancun\/wp-json\/wp\/v2\/product\/854"}],"collection":[{"href":"https:\/\/luishoffmann.com.br\/brasilemcancun\/wp-json\/wp\/v2\/product"}],"about":[{"href":"https:\/\/luishoffmann.com.br\/brasilemcancun\/wp-json\/wp\/v2\/types\/product"}],"replies":[{"embeddable":true,"href":"https:\/\/luishoffmann.com.br\/brasilemcancun\/wp-json\/wp\/v2\/comments?post=854"}],"wp:featuredmedia":[{"embeddable":true,"href":"https:\/\/luishoffmann.com.br\/brasilemcancun\/wp-json\/wp\/v2\/media\/855"}],"wp:attachment":[{"href":"https:\/\/luishoffmann.com.br\/brasilemcancun\/wp-json\/wp\/v2\/media?parent=854"}],"wp:term":[{"taxonomy":"product_cat","embeddable":true,"href":"https:\/\/luishoffmann.com.br\/brasilemcancun\/wp-json\/wp\/v2\/product_cat?post=854"},{"taxonomy":"product_tag","embeddable":true,"href":"https:\/\/luishoffmann.com.br\/brasilemcancun\/wp-json\/wp\/v2\/product_tag?post=854"}],"curies":[{"name":"wp","href":"https:\/\/api.w.org\/{rel}","templated":true}]}}