{"id":849,"date":"2022-07-25T18:22:49","date_gmt":"2022-07-25T18:22:49","guid":{"rendered":"https:\/\/luishoffmann.com.br\/brasilemcancun\/?post_type=product&#038;p=849"},"modified":"2022-10-16T21:54:11","modified_gmt":"2022-10-16T21:54:11","slug":"cozumel-el-cielo-el-cielito-e-playa-mia","status":"publish","type":"product","link":"https:\/\/luishoffmann.com.br\/brasilemcancun\/produto\/cozumel-el-cielo-el-cielito-e-playa-mia\/","title":{"rendered":"Cozumel, El Cielo, El Cielito e Playa Mia"},"content":{"rendered":"<p style=\"vertical-align: baseline; margin: 0cm 0cm 11.25pt 0cm;\"><span style=\"font-size: 11.5pt; font-family: 'Lato',sans-serif; color: #333333; background: white;\">Neste passeio voc\u00ea ir\u00e1 navegar de catamar\u00e3 pelas \u00e1guas cristalinas de azul turquesa jamais vista em outras praias e visitar o famoso santu\u00e1rio de estrela-do-mar.<\/span><\/p>\n<p style=\"vertical-align: baseline; margin: 0cm 0cm 11.25pt 0cm;\"><span style=\"font-size: 10.5pt; font-family: 'inherit',serif; color: #3a3a3a;\">PACOTES \u00c0 PARTIR DE 105,99 USD (Os valores podem alterar conforme a temporada.)<\/span><\/p>\n","protected":false},"excerpt":{"rendered":"<p style=\"vertical-align: baseline; margin: 0cm 0cm 11.25pt 0cm;\"><span style=\"font-size: 11.5pt; font-family: 'Lato',sans-serif; color: #333333; background: white;\">Neste passeio voc\u00ea ir\u00e1 navegar de catamar\u00e3 pelas \u00e1guas cristalinas de azul turquesa jamais vista em outras praias e visitar o famoso santu\u00e1rio de estrela-do-mar.<\/span><\/p>\n<p style=\"vertical-align: baseline; margin: 0cm 0cm 11.25pt 0cm;\"><span style=\"font-size: 10.5pt; font-family: 'inherit',serif; color: #3a3a3a;\">PACOTES \u00c0 PARTIR DE 105,99 USD (Os valores podem alterar conforme a temporada.)<\/span><\/p>\n","protected":false},"featured_media":1057,"comment_status":"closed","ping_status":"closed","template":"","meta":{"om_disable_all_campaigns":false,"_mi_skip_tracking":false},"product_cat":[34],"product_tag":[],"aioseo_notices":[],"_links":{"self":[{"href":"https:\/\/luishoffmann.com.br\/brasilemcancun\/wp-json\/wp\/v2\/product\/849"}],"collection":[{"href":"https:\/\/luishoffmann.com.br\/brasilemcancun\/wp-json\/wp\/v2\/product"}],"about":[{"href":"https:\/\/luishoffmann.com.br\/brasilemcancun\/wp-json\/wp\/v2\/types\/product"}],"replies":[{"embeddable":true,"href":"https:\/\/luishoffmann.com.br\/brasilemcancun\/wp-json\/wp\/v2\/comments?post=849"}],"wp:featuredmedia":[{"embeddable":true,"href":"https:\/\/luishoffmann.com.br\/brasilemcancun\/wp-json\/wp\/v2\/media\/1057"}],"wp:attachment":[{"href":"https:\/\/luishoffmann.com.br\/brasilemcancun\/wp-json\/wp\/v2\/media?parent=849"}],"wp:term":[{"taxonomy":"product_cat","embeddable":true,"href":"https:\/\/luishoffmann.com.br\/brasilemcancun\/wp-json\/wp\/v2\/product_cat?post=849"},{"taxonomy":"product_tag","embeddable":true,"href":"https:\/\/luishoffmann.com.br\/brasilemcancun\/wp-json\/wp\/v2\/product_tag?post=849"}],"curies":[{"name":"wp","href":"https:\/\/api.w.org\/{rel}","templated":true}]}}