{"id":845,"date":"2022-08-31T16:51:15","date_gmt":"2022-08-31T16:51:15","guid":{"rendered":"https:\/\/luishoffmann.com.br\/brasilemcancun\/?post_type=product&#038;p=845"},"modified":"2022-12-01T19:03:33","modified_gmt":"2022-12-01T19:03:33","slug":"mergulho-de-cilindro-musa","status":"publish","type":"product","link":"https:\/\/luishoffmann.com.br\/brasilemcancun\/produto\/mergulho-de-cilindro-musa\/","title":{"rendered":"Mergulho de Cilindro Musa"},"content":{"rendered":"<p>Para os amantes de mergulho e paisagens exuberantes o passeio ao MUSA \u00e9 ideal, j\u00e1 que voc\u00ea conhece as mais de 500 esculturas divididas entre o salon nizuc e manchones.<\/p>\n<p>PACOTES \u00c0 PARTIR DE 105,99 USD (Os valores podem alterar conforme a temporada.)<\/p>\n","protected":false},"excerpt":{"rendered":"<p>Para os amantes de mergulho e paisagens exuberantes o passeio ao MUSA \u00e9 ideal, j\u00e1 que voc\u00ea conhece as mais de 500 esculturas<br \/>\ndivididas entre o salon nizuc e manchones.<\/p>\n<p>PACOTES \u00c0 PARTIR DE 105,99 USD (Os valores podem alterar conforme a temporada.)<\/p>\n","protected":false},"featured_media":846,"comment_status":"closed","ping_status":"closed","template":"","meta":{"om_disable_all_campaigns":false,"_mi_skip_tracking":false},"product_cat":[34],"product_tag":[],"aioseo_notices":[],"_links":{"self":[{"href":"https:\/\/luishoffmann.com.br\/brasilemcancun\/wp-json\/wp\/v2\/product\/845"}],"collection":[{"href":"https:\/\/luishoffmann.com.br\/brasilemcancun\/wp-json\/wp\/v2\/product"}],"about":[{"href":"https:\/\/luishoffmann.com.br\/brasilemcancun\/wp-json\/wp\/v2\/types\/product"}],"replies":[{"embeddable":true,"href":"https:\/\/luishoffmann.com.br\/brasilemcancun\/wp-json\/wp\/v2\/comments?post=845"}],"wp:featuredmedia":[{"embeddable":true,"href":"https:\/\/luishoffmann.com.br\/brasilemcancun\/wp-json\/wp\/v2\/media\/846"}],"wp:attachment":[{"href":"https:\/\/luishoffmann.com.br\/brasilemcancun\/wp-json\/wp\/v2\/media?parent=845"}],"wp:term":[{"taxonomy":"product_cat","embeddable":true,"href":"https:\/\/luishoffmann.com.br\/brasilemcancun\/wp-json\/wp\/v2\/product_cat?post=845"},{"taxonomy":"product_tag","embeddable":true,"href":"https:\/\/luishoffmann.com.br\/brasilemcancun\/wp-json\/wp\/v2\/product_tag?post=845"}],"curies":[{"name":"wp","href":"https:\/\/api.w.org\/{rel}","templated":true}]}}