{"id":839,"date":"2022-08-29T19:48:02","date_gmt":"2022-08-29T19:48:02","guid":{"rendered":"https:\/\/luishoffmann.com.br\/brasilemcancun\/?post_type=product&#038;p=839"},"modified":"2022-12-01T17:18:18","modified_gmt":"2022-12-01T17:18:18","slug":"isla-mujeres-parque-garrafon","status":"publish","type":"product","link":"https:\/\/luishoffmann.com.br\/brasilemcancun\/produto\/isla-mujeres-parque-garrafon\/","title":{"rendered":"Isla Mujeres Parque Garrafon"},"content":{"rendered":"<p>O Garrafon \u00e9 um clube de praia em Isla Mujeres que possui diversos entretenimentos como a famosa piscina com borda<br \/>\ninfinita, snorkel, caiaque e tirolesa.<\/p>\n<p>PACOTES \u00c0 PARTIR DE 99,99 USD<br \/>\n(Os valores podem alterar conforme a temporada.)<\/p>\n<p>Existem tr\u00eas tipos de ingresso:<\/p>\n<p>Regular que n\u00e3o inclui tirolesa e \u00e1rea VIP e VIP PREMIUM.<br \/>\nVIP que inclui tirolesa e mais uma \u00e1rea com piscina e outro buffet de alimenta\u00e7\u00e3o.<br \/>\nVIP PREMIUM que inclui a \u00e1rea com jacuzzi e mais um restaurante.<\/p>\n","protected":false},"excerpt":{"rendered":"<p>O garrafon \u00e9 um clube de praia em isla mujeres que possui diversos entretenimentos como a famosa piscina com borda<br \/>\ninfinita, snorkel, caiaque e tirolesa.<\/p>\n<p>PACOTES \u00c0 PARTIR DE 99,99 USD<br \/>\n(Os valores podem alterar conforme a temporada.)<\/p>\n<p>Existem tr\u00eas tipos de ingresso:<\/p>\n<p>Regular que n\u00e3o inclui tirolesa e \u00e1rea VIP e VIP PREMIUM.<br \/>\nVIP que inclui tirolesa e mais uma \u00e1rea com piscina e outro buffet de alimenta\u00e7\u00e3o.<br \/>\nVIP PREMIUM que inclui a \u00e1rea com jacuzzi e mais um restaurante.<\/p>\n","protected":false},"featured_media":1100,"comment_status":"closed","ping_status":"closed","template":"","meta":{"om_disable_all_campaigns":false,"_mi_skip_tracking":false},"product_cat":[34],"product_tag":[],"aioseo_notices":[],"_links":{"self":[{"href":"https:\/\/luishoffmann.com.br\/brasilemcancun\/wp-json\/wp\/v2\/product\/839"}],"collection":[{"href":"https:\/\/luishoffmann.com.br\/brasilemcancun\/wp-json\/wp\/v2\/product"}],"about":[{"href":"https:\/\/luishoffmann.com.br\/brasilemcancun\/wp-json\/wp\/v2\/types\/product"}],"replies":[{"embeddable":true,"href":"https:\/\/luishoffmann.com.br\/brasilemcancun\/wp-json\/wp\/v2\/comments?post=839"}],"wp:featuredmedia":[{"embeddable":true,"href":"https:\/\/luishoffmann.com.br\/brasilemcancun\/wp-json\/wp\/v2\/media\/1100"}],"wp:attachment":[{"href":"https:\/\/luishoffmann.com.br\/brasilemcancun\/wp-json\/wp\/v2\/media?parent=839"}],"wp:term":[{"taxonomy":"product_cat","embeddable":true,"href":"https:\/\/luishoffmann.com.br\/brasilemcancun\/wp-json\/wp\/v2\/product_cat?post=839"},{"taxonomy":"product_tag","embeddable":true,"href":"https:\/\/luishoffmann.com.br\/brasilemcancun\/wp-json\/wp\/v2\/product_tag?post=839"}],"curies":[{"name":"wp","href":"https:\/\/api.w.org\/{rel}","templated":true}]}}