{"id":835,"date":"2022-08-29T19:32:51","date_gmt":"2022-08-29T19:32:51","guid":{"rendered":"https:\/\/luishoffmann.com.br\/brasilemcancun\/?post_type=product&#038;p=835"},"modified":"2022-10-11T14:58:46","modified_gmt":"2022-10-11T14:58:46","slug":"isla-mujeres-catamara","status":"publish","type":"product","link":"https:\/\/luishoffmann.com.br\/brasilemcancun\/produto\/isla-mujeres-catamara\/","title":{"rendered":"Isla Mujeres Catamar\u00e3"},"content":{"rendered":"<p>Conhe\u00e7a Isla mujeres a bordo de um catamar\u00e3 open bar que inclui desfrutar um snorkel em<br \/>\num arrecife de corais, explorar a isla mujeres a bordo de um carrinho de golf (n\u00e3o incluso no valor) visitando a Playa Norte (parada a 500m).<\/p>\n<p>PACOTES \u00c0 PARTIR DE 70,99 USD (Os valores podem alterar conforme a temporada.)<\/p>\n<p>&nbsp;<\/p>\n","protected":false},"excerpt":{"rendered":"<p>Conhe\u00e7a Isla mujeres a bordo de um catamar\u00e3 open bar que inclui desfrutar um snorkel em<br \/>\num arrecife de corais, explorar a isla mujeres a bordo de um carrinho de golf (n\u00e3o incluso no valor) visitando a Playa Norte (parada a 500m).<\/p>\n<p>PACOTES \u00c0 PARTIR DE 70,99 USD (Os valores podem alterar conforme a temporada.)<\/p>\n","protected":false},"featured_media":836,"comment_status":"closed","ping_status":"closed","template":"","meta":{"om_disable_all_campaigns":false,"_mi_skip_tracking":false},"product_cat":[34],"product_tag":[],"aioseo_notices":[],"_links":{"self":[{"href":"https:\/\/luishoffmann.com.br\/brasilemcancun\/wp-json\/wp\/v2\/product\/835"}],"collection":[{"href":"https:\/\/luishoffmann.com.br\/brasilemcancun\/wp-json\/wp\/v2\/product"}],"about":[{"href":"https:\/\/luishoffmann.com.br\/brasilemcancun\/wp-json\/wp\/v2\/types\/product"}],"replies":[{"embeddable":true,"href":"https:\/\/luishoffmann.com.br\/brasilemcancun\/wp-json\/wp\/v2\/comments?post=835"}],"wp:featuredmedia":[{"embeddable":true,"href":"https:\/\/luishoffmann.com.br\/brasilemcancun\/wp-json\/wp\/v2\/media\/836"}],"wp:attachment":[{"href":"https:\/\/luishoffmann.com.br\/brasilemcancun\/wp-json\/wp\/v2\/media?parent=835"}],"wp:term":[{"taxonomy":"product_cat","embeddable":true,"href":"https:\/\/luishoffmann.com.br\/brasilemcancun\/wp-json\/wp\/v2\/product_cat?post=835"},{"taxonomy":"product_tag","embeddable":true,"href":"https:\/\/luishoffmann.com.br\/brasilemcancun\/wp-json\/wp\/v2\/product_tag?post=835"}],"curies":[{"name":"wp","href":"https:\/\/api.w.org\/{rel}","templated":true}]}}