{"id":815,"date":"2022-08-29T18:41:08","date_gmt":"2022-08-29T18:41:08","guid":{"rendered":"https:\/\/luishoffmann.com.br\/brasilemcancun\/?post_type=product&#038;p=815"},"modified":"2022-12-01T16:05:58","modified_gmt":"2022-12-01T16:05:58","slug":"parasailing","status":"publish","type":"product","link":"https:\/\/luishoffmann.com.br\/brasilemcancun\/produto\/parasailing\/","title":{"rendered":"Parasailing"},"content":{"rendered":"<p>O Parasailing \u00e9 realizado em uma praia na zona hoteleira de Cancun onde voc\u00ea vivencia uma emocionante vista sobre o mar do caribe \u00e0 80 metros de altura por em m\u00e9dia 12-15 minutos de dura\u00e7\u00e3o.<\/p>\n","protected":false},"excerpt":{"rendered":"<p>O Parasailing \u00e9 realizado em uma praia na zona hoteleira de Cancun onde voc\u00ea vivencia uma emocionante vista sobre o mar do caribe \u00e0 80 metros de altura por em m\u00e9dia 12-15 minutos de dura\u00e7\u00e3o.<\/p>\n","protected":false},"featured_media":1013,"comment_status":"closed","ping_status":"closed","template":"","meta":{"om_disable_all_campaigns":false,"_mi_skip_tracking":false},"product_cat":[38],"product_tag":[],"aioseo_notices":[],"_links":{"self":[{"href":"https:\/\/luishoffmann.com.br\/brasilemcancun\/wp-json\/wp\/v2\/product\/815"}],"collection":[{"href":"https:\/\/luishoffmann.com.br\/brasilemcancun\/wp-json\/wp\/v2\/product"}],"about":[{"href":"https:\/\/luishoffmann.com.br\/brasilemcancun\/wp-json\/wp\/v2\/types\/product"}],"replies":[{"embeddable":true,"href":"https:\/\/luishoffmann.com.br\/brasilemcancun\/wp-json\/wp\/v2\/comments?post=815"}],"wp:featuredmedia":[{"embeddable":true,"href":"https:\/\/luishoffmann.com.br\/brasilemcancun\/wp-json\/wp\/v2\/media\/1013"}],"wp:attachment":[{"href":"https:\/\/luishoffmann.com.br\/brasilemcancun\/wp-json\/wp\/v2\/media?parent=815"}],"wp:term":[{"taxonomy":"product_cat","embeddable":true,"href":"https:\/\/luishoffmann.com.br\/brasilemcancun\/wp-json\/wp\/v2\/product_cat?post=815"},{"taxonomy":"product_tag","embeddable":true,"href":"https:\/\/luishoffmann.com.br\/brasilemcancun\/wp-json\/wp\/v2\/product_tag?post=815"}],"curies":[{"name":"wp","href":"https:\/\/api.w.org\/{rel}","templated":true}]}}