{"id":785,"date":"2022-08-29T17:07:08","date_gmt":"2022-08-29T17:07:08","guid":{"rendered":"https:\/\/luishoffmann.com.br\/brasilemcancun\/?post_type=product&#038;p=785"},"modified":"2022-10-01T22:48:58","modified_gmt":"2022-10-01T22:48:58","slug":"mandala","status":"publish","type":"product","link":"https:\/\/luishoffmann.com.br\/brasilemcancun\/produto\/mandala\/","title":{"rendered":"Mandala"},"content":{"rendered":"<p>A famosa balada aberta em Canc\u00fan, com diversos tipos de m\u00fasica eletr\u00f4nicas e latinas.<\/p>\n<p>PACOTES \u00c0 PARTIR DE 50,99 USD.(VALORES SUJEITOS \u00c0 ALTERA\u00c7\u00c3O DE ACORDO COM A TEMPORADA)<\/p>\n","protected":false},"excerpt":{"rendered":"<p>A famosa balada aberta em Canc\u00fan, com diversos tipos de m\u00fasica eletr\u00f4nicas e latinas.<\/p>\n<p>PACOTES \u00c0 PARTIR DE 50,99 USD.(VALORES SUJEITOS \u00c0 ALTERA\u00c7\u00c3O DE ACORDO COM A TEMPORADA)<\/p>\n","protected":false},"featured_media":786,"comment_status":"closed","ping_status":"closed","template":"","meta":{"om_disable_all_campaigns":false,"_mi_skip_tracking":false},"product_cat":[24],"product_tag":[],"aioseo_notices":[],"_links":{"self":[{"href":"https:\/\/luishoffmann.com.br\/brasilemcancun\/wp-json\/wp\/v2\/product\/785"}],"collection":[{"href":"https:\/\/luishoffmann.com.br\/brasilemcancun\/wp-json\/wp\/v2\/product"}],"about":[{"href":"https:\/\/luishoffmann.com.br\/brasilemcancun\/wp-json\/wp\/v2\/types\/product"}],"replies":[{"embeddable":true,"href":"https:\/\/luishoffmann.com.br\/brasilemcancun\/wp-json\/wp\/v2\/comments?post=785"}],"wp:featuredmedia":[{"embeddable":true,"href":"https:\/\/luishoffmann.com.br\/brasilemcancun\/wp-json\/wp\/v2\/media\/786"}],"wp:attachment":[{"href":"https:\/\/luishoffmann.com.br\/brasilemcancun\/wp-json\/wp\/v2\/media?parent=785"}],"wp:term":[{"taxonomy":"product_cat","embeddable":true,"href":"https:\/\/luishoffmann.com.br\/brasilemcancun\/wp-json\/wp\/v2\/product_cat?post=785"},{"taxonomy":"product_tag","embeddable":true,"href":"https:\/\/luishoffmann.com.br\/brasilemcancun\/wp-json\/wp\/v2\/product_tag?post=785"}],"curies":[{"name":"wp","href":"https:\/\/api.w.org\/{rel}","templated":true}]}}