{"id":773,"date":"2022-08-29T16:42:34","date_gmt":"2022-08-29T16:42:34","guid":{"rendered":"https:\/\/luishoffmann.com.br\/brasilemcancun\/?post_type=product&#038;p=773"},"modified":"2022-10-01T22:35:19","modified_gmt":"2022-10-01T22:35:19","slug":"jolly-roger-navio-pirata","status":"publish","type":"product","link":"https:\/\/luishoffmann.com.br\/brasilemcancun\/produto\/jolly-roger-navio-pirata\/","title":{"rendered":"Jolly Roger &#8211; Navio Pirata"},"content":{"rendered":"<p>No barco Jolly Roger voc\u00ea vive uma aventura junto a Black Jack e sua tripula\u00e7\u00e3o buscando o tesouro onde voc\u00ea ver\u00e1 a espadas, adagas, chicotes e muitas outras armas em lutas acrob\u00e1ticas entre cordas. Al\u00e9m de bombardeios de canh\u00f5es gerando a explos\u00e3o dos fogos de artif\u00edcio.<\/p>\n<p>PACOTES \u00c0 PARTIR DE 90,99 USD.<br \/>\n(VALORES SUJEITOS \u00c0 ALTERA\u00c7\u00c3O DE ACORDO COM A TEMPORADA)<\/p>\n","protected":false},"excerpt":{"rendered":"<p>No barco Jolly Roger voc\u00ea vive uma aventura junto a Black Jack e sua tripula\u00e7\u00e3o buscando o tesouro onde voc\u00ea ver\u00e1 a espadas, adagas, chicotes e muitas outras armas em lutas acrob\u00e1ticas entre cordas. Al\u00e9m de bombardeios de canh\u00f5es gerando a explos\u00e3o dos fogos de artif\u00edcio.<\/p>\n<p>PACOTES \u00c0 PARTIR DE 90,99 USD.<br \/>\n(VALORES SUJEITOS \u00c0 ALTERA\u00c7\u00c3O DE ACORDO COM A TEMPORADA)<\/p>\n","protected":false},"featured_media":775,"comment_status":"closed","ping_status":"closed","template":"","meta":{"om_disable_all_campaigns":false,"_mi_skip_tracking":false},"product_cat":[24],"product_tag":[],"aioseo_notices":[],"_links":{"self":[{"href":"https:\/\/luishoffmann.com.br\/brasilemcancun\/wp-json\/wp\/v2\/product\/773"}],"collection":[{"href":"https:\/\/luishoffmann.com.br\/brasilemcancun\/wp-json\/wp\/v2\/product"}],"about":[{"href":"https:\/\/luishoffmann.com.br\/brasilemcancun\/wp-json\/wp\/v2\/types\/product"}],"replies":[{"embeddable":true,"href":"https:\/\/luishoffmann.com.br\/brasilemcancun\/wp-json\/wp\/v2\/comments?post=773"}],"wp:featuredmedia":[{"embeddable":true,"href":"https:\/\/luishoffmann.com.br\/brasilemcancun\/wp-json\/wp\/v2\/media\/775"}],"wp:attachment":[{"href":"https:\/\/luishoffmann.com.br\/brasilemcancun\/wp-json\/wp\/v2\/media?parent=773"}],"wp:term":[{"taxonomy":"product_cat","embeddable":true,"href":"https:\/\/luishoffmann.com.br\/brasilemcancun\/wp-json\/wp\/v2\/product_cat?post=773"},{"taxonomy":"product_tag","embeddable":true,"href":"https:\/\/luishoffmann.com.br\/brasilemcancun\/wp-json\/wp\/v2\/product_tag?post=773"}],"curies":[{"name":"wp","href":"https:\/\/api.w.org\/{rel}","templated":true}]}}