{"id":769,"date":"2022-08-29T15:03:49","date_gmt":"2022-08-29T15:03:49","guid":{"rendered":"https:\/\/luishoffmann.com.br\/brasilemcancun\/?post_type=product&#038;p=769"},"modified":"2022-12-01T19:22:38","modified_gmt":"2022-12-01T19:22:38","slug":"xoximilco","status":"publish","type":"product","link":"https:\/\/luishoffmann.com.br\/brasilemcancun\/produto\/xoximilco\/","title":{"rendered":"Xoximilco"},"content":{"rendered":"<p>Desfrute um passeio por canais abordo de uma embarca\u00e7\u00e3o, dance e cante com a m\u00fasica tradicional ao vivo, saboreie deliciosas<br \/>\ndegusta\u00e7\u00f5es da gastronomia Mexicana e brinde com a cl\u00e1ssica tequila.<\/p>\n<p>PACOTES \u00c0 PARTIR DE 120,99 USD.<br \/>\n(VALORES SUJEITOS \u00c0 ALTERA\u00c7\u00c3O DE ACORDO COM A TEMPORADA)<\/p>\n<p style=\"vertical-align: baseline; margin: 0cm 0cm 11.25pt 0cm;\">\n","protected":false},"excerpt":{"rendered":"<p>Desfrute um passeio por canais abordo de uma embarca\u00e7\u00e3o, dance e cante com a m\u00fasica tradicional ao vivo, saboreie deliciosas<br \/>\ndegusta\u00e7\u00f5es da gastronomia Mexicana e brinde com a cl\u00e1ssica tequila.<\/p>\n<p>PACOTES \u00c0 PARTIR DE 120,99 USD.<br \/>\n(VALORES SUJEITOS \u00c0 ALTERA\u00c7\u00c3O DE ACORDO COM A TEMPORADA)<\/p>\n","protected":false},"featured_media":771,"comment_status":"closed","ping_status":"closed","template":"","meta":{"om_disable_all_campaigns":false,"_mi_skip_tracking":false},"product_cat":[24],"product_tag":[],"aioseo_notices":[],"_links":{"self":[{"href":"https:\/\/luishoffmann.com.br\/brasilemcancun\/wp-json\/wp\/v2\/product\/769"}],"collection":[{"href":"https:\/\/luishoffmann.com.br\/brasilemcancun\/wp-json\/wp\/v2\/product"}],"about":[{"href":"https:\/\/luishoffmann.com.br\/brasilemcancun\/wp-json\/wp\/v2\/types\/product"}],"replies":[{"embeddable":true,"href":"https:\/\/luishoffmann.com.br\/brasilemcancun\/wp-json\/wp\/v2\/comments?post=769"}],"wp:featuredmedia":[{"embeddable":true,"href":"https:\/\/luishoffmann.com.br\/brasilemcancun\/wp-json\/wp\/v2\/media\/771"}],"wp:attachment":[{"href":"https:\/\/luishoffmann.com.br\/brasilemcancun\/wp-json\/wp\/v2\/media?parent=769"}],"wp:term":[{"taxonomy":"product_cat","embeddable":true,"href":"https:\/\/luishoffmann.com.br\/brasilemcancun\/wp-json\/wp\/v2\/product_cat?post=769"},{"taxonomy":"product_tag","embeddable":true,"href":"https:\/\/luishoffmann.com.br\/brasilemcancun\/wp-json\/wp\/v2\/product_tag?post=769"}],"curies":[{"name":"wp","href":"https:\/\/api.w.org\/{rel}","templated":true}]}}