{"id":757,"date":"2022-08-25T20:49:13","date_gmt":"2022-08-25T20:49:13","guid":{"rendered":"https:\/\/luishoffmann.com.br\/brasilemcancun\/?post_type=product&#038;p=757"},"modified":"2022-10-03T00:47:30","modified_gmt":"2022-10-03T00:47:30","slug":"tulum-e-casa-tortuga","status":"publish","type":"product","link":"https:\/\/luishoffmann.com.br\/brasilemcancun\/produto\/tulum-e-casa-tortuga\/","title":{"rendered":"Letreiro, Tulum e Casa Tortuga"},"content":{"rendered":"<p>Neste passeio voc\u00ea conhece o famoso letreiro de Tulum, a zona arqueol\u00f3gica Tulum com guia; visita os quatros cenotes da Casa Tortuga: Wisho, Campana, Tr\u00eas Zapotes e Jaguar\u00a0 e finaliza em Playa del Carmen.<\/p>\n<p>PACOTES \u00c0 PARTIR DE 85,99 USD.<br \/>\n(VALORES SUJEITOS \u00c0 ALTERA\u00c7\u00c3O DE ACORDO COM A TEMPORADA)<\/p>\n","protected":false},"excerpt":{"rendered":"<p>Neste passeio voc\u00ea conhece o famoso letreiro de Tulum, a zona arqueol\u00f3gica Tulum com guia; visita os quatros cenotes da Casa Tortuga: Wisho, Campana, Tr\u00eas Zapotes e Jaguar\u00a0 e finaliza em Playa del Carmen.<\/p>\n<p>PACOTES \u00c0 PARTIR DE 85,99 USD.<br \/>\n(VALORES SUJEITOS \u00c0 ALTERA\u00c7\u00c3O DE ACORDO COM A TEMPORADA)<\/p>\n","protected":false},"featured_media":1073,"comment_status":"closed","ping_status":"closed","template":"","meta":{"om_disable_all_campaigns":false,"_mi_skip_tracking":false},"product_cat":[32,36],"product_tag":[],"aioseo_notices":[],"_links":{"self":[{"href":"https:\/\/luishoffmann.com.br\/brasilemcancun\/wp-json\/wp\/v2\/product\/757"}],"collection":[{"href":"https:\/\/luishoffmann.com.br\/brasilemcancun\/wp-json\/wp\/v2\/product"}],"about":[{"href":"https:\/\/luishoffmann.com.br\/brasilemcancun\/wp-json\/wp\/v2\/types\/product"}],"replies":[{"embeddable":true,"href":"https:\/\/luishoffmann.com.br\/brasilemcancun\/wp-json\/wp\/v2\/comments?post=757"}],"wp:featuredmedia":[{"embeddable":true,"href":"https:\/\/luishoffmann.com.br\/brasilemcancun\/wp-json\/wp\/v2\/media\/1073"}],"wp:attachment":[{"href":"https:\/\/luishoffmann.com.br\/brasilemcancun\/wp-json\/wp\/v2\/media?parent=757"}],"wp:term":[{"taxonomy":"product_cat","embeddable":true,"href":"https:\/\/luishoffmann.com.br\/brasilemcancun\/wp-json\/wp\/v2\/product_cat?post=757"},{"taxonomy":"product_tag","embeddable":true,"href":"https:\/\/luishoffmann.com.br\/brasilemcancun\/wp-json\/wp\/v2\/product_tag?post=757"}],"curies":[{"name":"wp","href":"https:\/\/api.w.org\/{rel}","templated":true}]}}