{"id":752,"date":"2022-08-25T20:38:23","date_gmt":"2022-08-25T20:38:23","guid":{"rendered":"https:\/\/luishoffmann.com.br\/brasilemcancun\/?post_type=product&#038;p=752"},"modified":"2022-12-01T17:03:29","modified_gmt":"2022-12-01T17:03:29","slug":"tulum-4x1estatua-ven-a-la-luz-tulum-cenote-dos-ojos-grand-cenote","status":"publish","type":"product","link":"https:\/\/luishoffmann.com.br\/brasilemcancun\/produto\/tulum-4x1estatua-ven-a-la-luz-tulum-cenote-dos-ojos-grand-cenote\/","title":{"rendered":"Tulum 4x1Estatua Ven A La Luz, Tulum, Cenote dos Ojos, Grand Cenote"},"content":{"rendered":"<p>Neste passeio voc\u00ea conhece a famosa Est\u00e1tua Vem a La Luz, o Cenote dos Ojos, conhecido por ser semi aberto e ter uma \u00e1gua<br \/>\nazul turquesa e o Grand Cenote.<\/p>\n<p>PACOTES \u00c0 PARTIR DE 90 USD.<br \/>\n(VALORES SUJEITOS \u00c0 ALTERA\u00c7\u00c3O DE ACORDO COM A TEMPORADA)<\/p>\n","protected":false},"excerpt":{"rendered":"<p>Neste passeio voc\u00ea conhece a famosa Est\u00e1tua Vem a La Luz, o Cenote dos Ojos, conhecido por ser semi aberto e ter uma \u00e1gua<br \/>\nazul turquesa e o Grand Cenote.<\/p>\n<p>PACOTES \u00c0 PARTIR DE 90 USD.<br \/>\n(VALORES SUJEITOS \u00c0 ALTERA\u00c7\u00c3O DE ACORDO COM A TEMPORADA)<\/p>\n","protected":false},"featured_media":753,"comment_status":"closed","ping_status":"closed","template":"","meta":{"om_disable_all_campaigns":false,"_mi_skip_tracking":false},"product_cat":[32],"product_tag":[],"aioseo_notices":[],"_links":{"self":[{"href":"https:\/\/luishoffmann.com.br\/brasilemcancun\/wp-json\/wp\/v2\/product\/752"}],"collection":[{"href":"https:\/\/luishoffmann.com.br\/brasilemcancun\/wp-json\/wp\/v2\/product"}],"about":[{"href":"https:\/\/luishoffmann.com.br\/brasilemcancun\/wp-json\/wp\/v2\/types\/product"}],"replies":[{"embeddable":true,"href":"https:\/\/luishoffmann.com.br\/brasilemcancun\/wp-json\/wp\/v2\/comments?post=752"}],"wp:featuredmedia":[{"embeddable":true,"href":"https:\/\/luishoffmann.com.br\/brasilemcancun\/wp-json\/wp\/v2\/media\/753"}],"wp:attachment":[{"href":"https:\/\/luishoffmann.com.br\/brasilemcancun\/wp-json\/wp\/v2\/media?parent=752"}],"wp:term":[{"taxonomy":"product_cat","embeddable":true,"href":"https:\/\/luishoffmann.com.br\/brasilemcancun\/wp-json\/wp\/v2\/product_cat?post=752"},{"taxonomy":"product_tag","embeddable":true,"href":"https:\/\/luishoffmann.com.br\/brasilemcancun\/wp-json\/wp\/v2\/product_tag?post=752"}],"curies":[{"name":"wp","href":"https:\/\/api.w.org\/{rel}","templated":true}]}}