{"id":747,"date":"2022-08-25T20:24:14","date_gmt":"2022-08-25T20:24:14","guid":{"rendered":"https:\/\/luishoffmann.com.br\/brasilemcancun\/?post_type=product&#038;p=747"},"modified":"2022-09-29T17:15:36","modified_gmt":"2022-09-29T17:15:36","slug":"tulum-5x1-letreiro-tulum-muyil-cenote-zemway-e-playa-del-camen","status":"publish","type":"product","link":"https:\/\/luishoffmann.com.br\/brasilemcancun\/produto\/tulum-5x1-letreiro-tulum-muyil-cenote-zemway-e-playa-del-camen\/","title":{"rendered":"Tulum 5&#215;1 Letreiro Tulum, Muyil, Cenote Zemway e Playa Del Camen"},"content":{"rendered":"<p>Neste passeio voc\u00ea conhece as Ruinas de Tulum e Muyil e toma um refrescante banho no Cenote Zemway. Para finalizar o dia, visita a rua mais famosa de Playa del Carmen, a Quinta Avenida.<\/p>\n<p>PACOTES \u00c0 PARTIR DE 70 USD.<br \/>\n(VALORES SUJEITOS \u00c0 ALTERA\u00c7\u00c3O DE ACORDO COM A TEMPORADA)<\/p>\n","protected":false},"excerpt":{"rendered":"<p>Neste passeio voc\u00ea conhece as Ruinas de Tulum e Muyil e toma um refrescante banho no Cenote Zemway. Para finalizar o dia, visita a rua mais famosa de Playa del Carmen, a Quinta Avenida.<\/p>\n<p>PACOTES \u00c0 PARTIR DE 70 USD.<br \/>\n(VALORES SUJEITOS \u00c0 ALTERA\u00c7\u00c3O DE ACORDO COM A TEMPORADA)<\/p>\n","protected":false},"featured_media":748,"comment_status":"closed","ping_status":"closed","template":"","meta":{"om_disable_all_campaigns":false,"_mi_skip_tracking":false},"product_cat":[32],"product_tag":[],"aioseo_notices":[],"_links":{"self":[{"href":"https:\/\/luishoffmann.com.br\/brasilemcancun\/wp-json\/wp\/v2\/product\/747"}],"collection":[{"href":"https:\/\/luishoffmann.com.br\/brasilemcancun\/wp-json\/wp\/v2\/product"}],"about":[{"href":"https:\/\/luishoffmann.com.br\/brasilemcancun\/wp-json\/wp\/v2\/types\/product"}],"replies":[{"embeddable":true,"href":"https:\/\/luishoffmann.com.br\/brasilemcancun\/wp-json\/wp\/v2\/comments?post=747"}],"wp:featuredmedia":[{"embeddable":true,"href":"https:\/\/luishoffmann.com.br\/brasilemcancun\/wp-json\/wp\/v2\/media\/748"}],"wp:attachment":[{"href":"https:\/\/luishoffmann.com.br\/brasilemcancun\/wp-json\/wp\/v2\/media?parent=747"}],"wp:term":[{"taxonomy":"product_cat","embeddable":true,"href":"https:\/\/luishoffmann.com.br\/brasilemcancun\/wp-json\/wp\/v2\/product_cat?post=747"},{"taxonomy":"product_tag","embeddable":true,"href":"https:\/\/luishoffmann.com.br\/brasilemcancun\/wp-json\/wp\/v2\/product_tag?post=747"}],"curies":[{"name":"wp","href":"https:\/\/api.w.org\/{rel}","templated":true}]}}