{"id":726,"date":"2022-08-25T18:51:06","date_gmt":"2022-08-25T18:51:06","guid":{"rendered":"https:\/\/luishoffmann.com.br\/brasilemcancun\/?post_type=product&#038;p=726"},"modified":"2022-10-02T00:04:56","modified_gmt":"2022-10-02T00:04:56","slug":"chichen-itza-com-cenote-selva-maya","status":"publish","type":"product","link":"https:\/\/luishoffmann.com.br\/brasilemcancun\/produto\/chichen-itza-com-cenote-selva-maya\/","title":{"rendered":"Chich\u00e9n Itz\u00e1 com Cenote Selva Maya"},"content":{"rendered":"<p><span style=\"font-size: 11.5pt; font-family: 'Lato',sans-serif; color: #333333;\">Esse passeio te levar\u00e1 para uma visita \u00e0 zona arqueol\u00f3gica de Chichen Itz\u00e1, uma das Sete maravilhas do Mundo Moderno conhecendo um dos cenotes da regi\u00e3o. Voc\u00ea ir\u00e1 explorar o s\u00edtio arqueol\u00f3gico e visitar templos antigos, como o templo de Kukulc\u00e1n e seus arredores, considerado um Patrim\u00f4nio da Humanidade pela Unesco.<\/span><\/p>\n","protected":false},"excerpt":{"rendered":"<p><span style=\"font-size: 11.5pt; font-family: 'Lato',sans-serif; color: #333333;\">Esse passeio te levar\u00e1 para uma visita \u00e0 zona arqueol\u00f3gica de Chichen Itz\u00e1, uma das Sete maravilhas do Mundo Moderno conhecendo um dos cenotes da regi\u00e3o. Voc\u00ea ir\u00e1 explorar o s\u00edtio arqueol\u00f3gico e visitar templos antigos, como o templo de Kukulc\u00e1n e seus arredores, considerado um Patrim\u00f4nio da Humanidade pela Unesco.<\/span><\/p>\n","protected":false},"featured_media":1052,"comment_status":"closed","ping_status":"closed","template":"","meta":{"om_disable_all_campaigns":false,"_mi_skip_tracking":false},"product_cat":[32],"product_tag":[],"aioseo_notices":[],"_links":{"self":[{"href":"https:\/\/luishoffmann.com.br\/brasilemcancun\/wp-json\/wp\/v2\/product\/726"}],"collection":[{"href":"https:\/\/luishoffmann.com.br\/brasilemcancun\/wp-json\/wp\/v2\/product"}],"about":[{"href":"https:\/\/luishoffmann.com.br\/brasilemcancun\/wp-json\/wp\/v2\/types\/product"}],"replies":[{"embeddable":true,"href":"https:\/\/luishoffmann.com.br\/brasilemcancun\/wp-json\/wp\/v2\/comments?post=726"}],"wp:featuredmedia":[{"embeddable":true,"href":"https:\/\/luishoffmann.com.br\/brasilemcancun\/wp-json\/wp\/v2\/media\/1052"}],"wp:attachment":[{"href":"https:\/\/luishoffmann.com.br\/brasilemcancun\/wp-json\/wp\/v2\/media?parent=726"}],"wp:term":[{"taxonomy":"product_cat","embeddable":true,"href":"https:\/\/luishoffmann.com.br\/brasilemcancun\/wp-json\/wp\/v2\/product_cat?post=726"},{"taxonomy":"product_tag","embeddable":true,"href":"https:\/\/luishoffmann.com.br\/brasilemcancun\/wp-json\/wp\/v2\/product_tag?post=726"}],"curies":[{"name":"wp","href":"https:\/\/api.w.org\/{rel}","templated":true}]}}