{"id":721,"date":"2022-08-25T18:29:57","date_gmt":"2022-08-25T18:29:57","guid":{"rendered":"https:\/\/luishoffmann.com.br\/brasilemcancun\/?post_type=product&#038;p=721"},"modified":"2022-09-29T16:58:16","modified_gmt":"2022-09-29T16:58:16","slug":"rio-secreto-plus","status":"publish","type":"product","link":"https:\/\/luishoffmann.com.br\/brasilemcancun\/produto\/rio-secreto-plus\/","title":{"rendered":"Rio Secreto Plus"},"content":{"rendered":"<p>Embarque em uma viagem m\u00e1gica pelo museu do cristal que \u00e9 o Rio Secreto, e flutue em \u00e1guas cristalinas e frescas.<br \/>\nO Rio secreto \u00e9 um local totalmente fechado iluminado, com luzes artificiais e onde habitam morcegos (frut\u00edferos).<\/p>\n<p>PACOTES \u00c0 PARTIR DE 125,99 USD.<br \/>\n(VALORES SUJEITOS \u00c0 ALTERA\u00c7\u00c3O DE ACORDO COM A TEMPORADA)<\/p>\n","protected":false},"excerpt":{"rendered":"<p>Embarque em uma viagem m\u00e1gica pelo museu do cristal que \u00e9 o Rio Secreto, e flutue em \u00e1guas cristalinas e frescas.<br \/>\nO Rio secreto \u00e9 um local totalmente fechado iluminado, com luzes artificiais e onde habitam morcegos (frut\u00edferos).<\/p>\n<p>PACOTES \u00c0 PARTIR DE 125,99 USD.<br \/>\n(VALORES SUJEITOS \u00c0 ALTERA\u00c7\u00c3O DE ACORDO COM A TEMPORADA)<\/p>\n","protected":false},"featured_media":723,"comment_status":"closed","ping_status":"closed","template":"","meta":{"om_disable_all_campaigns":false,"_mi_skip_tracking":false},"product_cat":[32],"product_tag":[],"aioseo_notices":[],"_links":{"self":[{"href":"https:\/\/luishoffmann.com.br\/brasilemcancun\/wp-json\/wp\/v2\/product\/721"}],"collection":[{"href":"https:\/\/luishoffmann.com.br\/brasilemcancun\/wp-json\/wp\/v2\/product"}],"about":[{"href":"https:\/\/luishoffmann.com.br\/brasilemcancun\/wp-json\/wp\/v2\/types\/product"}],"replies":[{"embeddable":true,"href":"https:\/\/luishoffmann.com.br\/brasilemcancun\/wp-json\/wp\/v2\/comments?post=721"}],"wp:featuredmedia":[{"embeddable":true,"href":"https:\/\/luishoffmann.com.br\/brasilemcancun\/wp-json\/wp\/v2\/media\/723"}],"wp:attachment":[{"href":"https:\/\/luishoffmann.com.br\/brasilemcancun\/wp-json\/wp\/v2\/media?parent=721"}],"wp:term":[{"taxonomy":"product_cat","embeddable":true,"href":"https:\/\/luishoffmann.com.br\/brasilemcancun\/wp-json\/wp\/v2\/product_cat?post=721"},{"taxonomy":"product_tag","embeddable":true,"href":"https:\/\/luishoffmann.com.br\/brasilemcancun\/wp-json\/wp\/v2\/product_tag?post=721"}],"curies":[{"name":"wp","href":"https:\/\/api.w.org\/{rel}","templated":true}]}}