{"id":712,"date":"2022-08-25T18:08:51","date_gmt":"2022-08-25T18:08:51","guid":{"rendered":"https:\/\/luishoffmann.com.br\/brasilemcancun\/?post_type=product&#038;p=712"},"modified":"2022-12-01T17:27:48","modified_gmt":"2022-12-01T17:27:48","slug":"isla-mujeres-com-golfinhos-e-garrafon","status":"publish","type":"product","link":"https:\/\/luishoffmann.com.br\/brasilemcancun\/produto\/isla-mujeres-com-golfinhos-e-garrafon\/","title":{"rendered":"Isla Mujeres com Golfinhos e Garraf\u00f3n"},"content":{"rendered":"<p>Neste passeio voc\u00ea combina a famosa intera\u00e7\u00e3o com golfinhos com o parque garrafon que \u00e9 um Beach Clube na Punta Sur de Isla Mujeres que possui atividades como a famosa piscina com borda infinita, caiaque, snorkel, trilha e tirolesa.<\/p>\n<p>Existe tr\u00eas op\u00e7\u00f5es de nado com golfinho em Isla Mujeres: Encounter, Adventure e Royal Swim.<br \/>\nCada nado \u00e9 diferenciado pelas suas atividades e tempo de intera\u00e7\u00e3o.<\/p>\n<p>O nado Encounter, voc\u00ea interage com um gol\ufb01nho por cerca de 30 minutos com intera\u00e7\u00f5es b\u00e1sicas: poses para fotos, beijos, abra\u00e7os, carinho e um curto show do gol\ufb01nho.<\/p>\n<p>O nado Adventure, al\u00e9m de todas as atividades do nado encounter , nessa intera\u00e7\u00e3o h\u00e1 o famoso belly ride e o boogie push. No belly ride voc\u00ea segura em suas barbatanas enquanto o golfinho te puxa e no boogie push voc\u00ea \u00e9 empurrado pelo gol\ufb01nho em uma prancha de boogie. A intera\u00e7\u00e3o acontece por 45 minutos.<\/p>\n<p>Royal Swim \u00e9 o mais completo, s\u00e3o dois gol\ufb01nhos por uma hora de intera\u00e7\u00e3o e t\u00eam como atividade principal o famoso \u201cfoot push\u201d\u00a0 onde voc\u00ea ser\u00e1 levantado sob a superf\u00edcie da \u00e1gua e empurrado com o focinho dos gol\ufb01nhos nos seus p\u00e9s.<\/p>\n","protected":false},"excerpt":{"rendered":"<p>Neste passeio voc\u00ea combina a famosa intera\u00e7\u00e3o com golfinhos com o parque garrafon que \u00e9 um Beach Clube na Punta Sur de Isla Mujeres que possui atividades como a famosa piscina com borda infinita, caiaque, snorkel, trilha e tirolesa.<\/p>\n<p>Existe tr\u00eas op\u00e7\u00f5es de nado com golfinho em Isla Mujeres: Encounter, Adventure e Royal Swim.<br \/>\nCada nado \u00e9 diferenciado pelas suas atividades e tempo de intera\u00e7\u00e3o.<\/p>\n<p>O nado Encounter, voc\u00ea interage com um gol\ufb01nho por cerca de 30 minutos com intera\u00e7\u00f5es b\u00e1sicas: poses para fotos, beijos, abra\u00e7os, carinho e um curto show do gol\ufb01nho.<\/p>\n<p>O nado Adventure, al\u00e9m de todas as atividades do nado encounter , nessa intera\u00e7\u00e3o h\u00e1 o famoso belly ride e o boogie push. No belly ride voc\u00ea segura em suas barbatanas enquanto o golfinho te puxa e no boogie push voc\u00ea \u00e9 empurrado pelo gol\ufb01nho em uma prancha de boogie. A intera\u00e7\u00e3o acontece por 45 minutos.<\/p>\n<p>Royal Swim \u00e9 o mais completo, s\u00e3o dois gol\ufb01nhos por uma hora de intera\u00e7\u00e3o e t\u00eam como atividade principal o famoso \u201cfoot push\u201d\u00a0 onde voc\u00ea ser\u00e1 levantado sob a superf\u00edcie da \u00e1gua e empurrado com o focinho dos gol\ufb01nhos nos seus p\u00e9s.<\/p>\n","protected":false},"featured_media":994,"comment_status":"closed","ping_status":"closed","template":"","meta":{"om_disable_all_campaigns":false,"_mi_skip_tracking":false},"product_cat":[31],"product_tag":[],"aioseo_notices":[],"_links":{"self":[{"href":"https:\/\/luishoffmann.com.br\/brasilemcancun\/wp-json\/wp\/v2\/product\/712"}],"collection":[{"href":"https:\/\/luishoffmann.com.br\/brasilemcancun\/wp-json\/wp\/v2\/product"}],"about":[{"href":"https:\/\/luishoffmann.com.br\/brasilemcancun\/wp-json\/wp\/v2\/types\/product"}],"replies":[{"embeddable":true,"href":"https:\/\/luishoffmann.com.br\/brasilemcancun\/wp-json\/wp\/v2\/comments?post=712"}],"wp:featuredmedia":[{"embeddable":true,"href":"https:\/\/luishoffmann.com.br\/brasilemcancun\/wp-json\/wp\/v2\/media\/994"}],"wp:attachment":[{"href":"https:\/\/luishoffmann.com.br\/brasilemcancun\/wp-json\/wp\/v2\/media?parent=712"}],"wp:term":[{"taxonomy":"product_cat","embeddable":true,"href":"https:\/\/luishoffmann.com.br\/brasilemcancun\/wp-json\/wp\/v2\/product_cat?post=712"},{"taxonomy":"product_tag","embeddable":true,"href":"https:\/\/luishoffmann.com.br\/brasilemcancun\/wp-json\/wp\/v2\/product_tag?post=712"}],"curies":[{"name":"wp","href":"https:\/\/api.w.org\/{rel}","templated":true}]}}