{"id":691,"date":"2022-08-25T17:07:03","date_gmt":"2022-08-25T17:07:03","guid":{"rendered":"https:\/\/luishoffmann.com.br\/brasilemcancun\/?post_type=product&#038;p=691"},"modified":"2022-10-01T23:22:53","modified_gmt":"2022-10-01T23:22:53","slug":"xenotes","status":"publish","type":"product","link":"https:\/\/luishoffmann.com.br\/brasilemcancun\/produto\/xenotes\/","title":{"rendered":"Xenotes"},"content":{"rendered":"<p style=\"vertical-align: baseline; margin: 0cm 0cm 11.25pt 0cm;\"><span style=\"font-size: 10.5pt; font-family: 'inherit',serif; color: #3a3a3a;\">O parque Xenotes leva voc\u00ea a conhecer os quatro tipos de cenotes que existem na natureza: semiaberto, aberto, antigo e caverna com atividades pra l\u00e1 de divertidas como rapel, tirolesa, caiaque, nata\u00e7\u00e3o explora\u00e7\u00e3o aqu\u00e1tica, ou saltos de altura.<\/span><\/p>\n<p style=\"vertical-align: baseline; margin: 0cm 0cm 11.25pt 0cm;\"><span style=\"font-size: 10.5pt; font-family: 'inherit',serif; color: #3a3a3a;\">PACOTES \u00c0 PARTIR DE 125,99 USD.<br \/>\n(VALORES SUJEITOS \u00c0 ALTERA\u00c7\u00c3O DE ACORDO COM A TEMPORADA)<br \/>\nAlta temporada: Abril \u2013 semana santa, de 01\/07 \u00e0 15\/08 e 25\/12 \u00e0 31\/12.<\/span><\/p>\n","protected":false},"excerpt":{"rendered":"<p style=\"vertical-align: baseline; margin: 0cm 0cm 11.25pt 0cm;\"><span style=\"font-size: 10.5pt; font-family: 'inherit',serif; color: #3a3a3a;\">O parque Xenotes leva voc\u00ea a conhecer os quatro tipos de cenotes que existem na natureza: semiaberto, aberto, antigo e caverna com atividades pra l\u00e1 de divertidas como rapel, tirolesa, caiaque, nata\u00e7\u00e3o explora\u00e7\u00e3o aqu\u00e1tica, ou saltos de altura.<\/span><\/p>\n<p style=\"vertical-align: baseline; margin: 0cm 0cm 11.25pt 0cm;\"><span style=\"font-size: 10.5pt; font-family: 'inherit',serif; color: #3a3a3a;\">PACOTES \u00c0 PARTIR DE 125,99 USD.<br \/>\n(VALORES SUJEITOS \u00c0 ALTERA\u00c7\u00c3O DE ACORDO COM A TEMPORADA)<br \/>\nAlta temporada: Abril \u2013 semana santa, de 01\/07 \u00e0 15\/08 e 25\/12 \u00e0 31\/12.<\/span><\/p>\n","protected":false},"featured_media":692,"comment_status":"closed","ping_status":"closed","template":"","meta":{"om_disable_all_campaigns":false,"_mi_skip_tracking":false},"product_cat":[30],"product_tag":[],"aioseo_notices":[],"_links":{"self":[{"href":"https:\/\/luishoffmann.com.br\/brasilemcancun\/wp-json\/wp\/v2\/product\/691"}],"collection":[{"href":"https:\/\/luishoffmann.com.br\/brasilemcancun\/wp-json\/wp\/v2\/product"}],"about":[{"href":"https:\/\/luishoffmann.com.br\/brasilemcancun\/wp-json\/wp\/v2\/types\/product"}],"replies":[{"embeddable":true,"href":"https:\/\/luishoffmann.com.br\/brasilemcancun\/wp-json\/wp\/v2\/comments?post=691"}],"wp:featuredmedia":[{"embeddable":true,"href":"https:\/\/luishoffmann.com.br\/brasilemcancun\/wp-json\/wp\/v2\/media\/692"}],"wp:attachment":[{"href":"https:\/\/luishoffmann.com.br\/brasilemcancun\/wp-json\/wp\/v2\/media?parent=691"}],"wp:term":[{"taxonomy":"product_cat","embeddable":true,"href":"https:\/\/luishoffmann.com.br\/brasilemcancun\/wp-json\/wp\/v2\/product_cat?post=691"},{"taxonomy":"product_tag","embeddable":true,"href":"https:\/\/luishoffmann.com.br\/brasilemcancun\/wp-json\/wp\/v2\/product_tag?post=691"}],"curies":[{"name":"wp","href":"https:\/\/api.w.org\/{rel}","templated":true}]}}