{"id":1039,"date":"2022-10-01T23:26:46","date_gmt":"2022-10-01T23:26:46","guid":{"rendered":"https:\/\/luishoffmann.com.br\/brasilemcancun\/?post_type=product&#038;p=1039"},"modified":"2022-10-11T15:04:43","modified_gmt":"2022-10-11T15:04:43","slug":"iates-privados","status":"publish","type":"product","link":"https:\/\/luishoffmann.com.br\/brasilemcancun\/produto\/iates-privados\/","title":{"rendered":"Iates Privados"},"content":{"rendered":"<p style=\"margin: 0cm; margin-bottom: .0001pt; vertical-align: baseline;\">O passeio de Iate Privativo \u00e9 indicado especialmente para grupos, casais ou fam\u00edlias que querem curtir Isla Mujeres.<\/p>\n<p>PACOTES \u00c0 PARTIR DE 700usd o iate.<br \/>\n(VALORES SUJEITOS \u00c0 ALTERA\u00c7\u00c3O DE ACORDO COM A TEMPORADA E QUANTIDADE DE PESSOAS)<\/p>\n","protected":false},"excerpt":{"rendered":"<p style=\"margin: 0cm; margin-bottom: .0001pt; vertical-align: baseline;\">O passeio de Iate Privativo \u00e9 indicado especialmente para grupos, casais ou fam\u00edlias que querem curtir Isla Mujeres.<\/p>\n<p>PACOTES \u00c0 PARTIR DE 700usd o iate.<br \/>\n(VALORES SUJEITOS \u00c0 ALTERA\u00c7\u00c3O DE ACORDO COM A TEMPORADA E QUANTIDADE DE PESSOAS)<\/p>\n","protected":false},"featured_media":1108,"comment_status":"closed","ping_status":"closed","template":"","meta":{"om_disable_all_campaigns":false,"_mi_skip_tracking":false},"product_cat":[37],"product_tag":[],"aioseo_notices":[],"_links":{"self":[{"href":"https:\/\/luishoffmann.com.br\/brasilemcancun\/wp-json\/wp\/v2\/product\/1039"}],"collection":[{"href":"https:\/\/luishoffmann.com.br\/brasilemcancun\/wp-json\/wp\/v2\/product"}],"about":[{"href":"https:\/\/luishoffmann.com.br\/brasilemcancun\/wp-json\/wp\/v2\/types\/product"}],"replies":[{"embeddable":true,"href":"https:\/\/luishoffmann.com.br\/brasilemcancun\/wp-json\/wp\/v2\/comments?post=1039"}],"wp:featuredmedia":[{"embeddable":true,"href":"https:\/\/luishoffmann.com.br\/brasilemcancun\/wp-json\/wp\/v2\/media\/1108"}],"wp:attachment":[{"href":"https:\/\/luishoffmann.com.br\/brasilemcancun\/wp-json\/wp\/v2\/media?parent=1039"}],"wp:term":[{"taxonomy":"product_cat","embeddable":true,"href":"https:\/\/luishoffmann.com.br\/brasilemcancun\/wp-json\/wp\/v2\/product_cat?post=1039"},{"taxonomy":"product_tag","embeddable":true,"href":"https:\/\/luishoffmann.com.br\/brasilemcancun\/wp-json\/wp\/v2\/product_tag?post=1039"}],"curies":[{"name":"wp","href":"https:\/\/api.w.org\/{rel}","templated":true}]}}